{"id":218,"date":"2024-02-28T15:40:38","date_gmt":"2024-02-28T15:40:38","guid":{"rendered":"https:\/\/thinhphongmctcom306.mbws.vn\/?page_id=218"},"modified":"2025-12-12T02:53:36","modified_gmt":"2025-12-12T02:53:36","slug":"gioi-thieu","status":"publish","type":"page","link":"https:\/\/thinhphongmct.com\/vi\/gioi-thieu\/","title":{"rendered":"Gi\u1edbi thi\u1ec7u"},"content":{"rendered":"\n<section style=\"font-family: Arial, sans-serif; padding: 40px 20px; max-width: 1000px; margin: auto; line-height: 1.7; color: #333;\">\n<h2 style=\"font-size: 32px; margin-bottom: 20px; text-transform: uppercase; color: #0d6efd; font-weight: 700;\">\n        V\u1ec1 Th\u1ecbnh Phong<br \/>\n    <\/h2>\n<p>\n        C\u00f4ng ty TNHH Th\u1ecbnh Phong \u0111\u01b0\u1ee3c th\u00e0nh l\u1eadp v\u00e0o ng\u00e0y 13 th\u00e1ng 8 n\u0103m 2015 v\u00e0 hi\u1ec7n l\u00e0 \u0111\u1ea1i di\u1ec7n ch\u00ednh th\u1ee9c c\u1ee7a<br \/>\n        <strong>Ammonit<\/strong> t\u1ea1i Vi\u1ec7t Nam c\u0169ng nh\u01b0 khu v\u1ef1c \u0110\u00f4ng Nam \u00c1. Tr\u01b0\u1edbc khi ch\u00ednh th\u1ee9c th\u00e0nh l\u1eadp, ch\u00fang t\u00f4i \u0111\u00e3 h\u1ee3p t\u00e1c<br \/>\n        v\u1edbi Ammonit t\u1eeb n\u0103m 2011 \u2014 giai \u0111o\u1ea1n \u0111\u1ea7u c\u1ee7a s\u1ef1 b\u00f9ng n\u1ed5 th\u1ecb tr\u01b0\u1eddng n\u0103ng l\u01b0\u1ee3ng t\u00e1i t\u1ea1o t\u1ea1i Vi\u1ec7t Nam.\n    <\/p>\n<p>\n        Trong su\u1ed1t qu\u00e1 tr\u00ecnh ph\u00e1t tri\u1ec3n, Th\u1ecbnh Phong kh\u00f4ng ng\u1eebng m\u1edf r\u1ed9ng n\u0103ng l\u1ef1c trong c\u00e1c l\u0129nh v\u1ef1c sau:\n    <\/p>\n<ul style=\"margin-left: 20px;\">\n<li>Cung c\u1ea5p thi\u1ebft b\u1ecb \u0111o gi\u00f3, c\u1ea3m bi\u1ebfn b\u1ee9c x\u1ea1 m\u1eb7t tr\u1eddi v\u00e0 h\u1ec7 th\u1ed1ng gi\u00e1m s\u00e1t n\u0103ng l\u01b0\u1ee3ng.<\/li>\n<li>Thi\u1ebft k\u1ebf, thi c\u00f4ng v\u00e0 l\u1eafp \u0111\u1eb7t c\u00e1c tr\u1ea1m \u0111o gi\u00f3, \u0111o b\u1ee9c x\u1ea1 m\u1eb7t tr\u1eddi ph\u1ee5c v\u1ee5 nghi\u00ean c\u1ee9u, kh\u1ea3o s\u00e1t v\u00e0 c\u00e1c d\u1ef1 \u00e1n \u0111\u1ea7u t\u01b0.<\/li>\n<li>Tri\u1ec3n khai c\u00e1c gi\u1ea3i ph\u00e1p c\u00f4ng nghi\u1ec7p v\u00e0 d\u00e2n d\u1ee5ng li\u00ean quan \u0111\u1ebfn n\u0103ng l\u01b0\u1ee3ng t\u00e1i t\u1ea1o v\u00e0 h\u1ec7 th\u1ed1ng gi\u00e1m s\u00e1t m\u00f4i tr\u01b0\u1eddng.<\/li>\n<\/ul>\n<p>\n        Ch\u00fang t\u00f4i \u0111\u00e3 t\u00edch l\u0169y \u0111\u01b0\u1ee3c nhi\u1ec1u kinh nghi\u1ec7m th\u1ef1c t\u1ebf th\u00f4ng qua c\u00e1c d\u1ef1 \u00e1n tr\u00ean kh\u1eafp c\u1ea3 n\u01b0\u1edbc, tu\u00e2n th\u1ee7 nghi\u00eam ng\u1eb7t c\u00e1c ti\u00eau chu\u1ea9n<br \/>\n        qu\u1ed1c t\u1ebf nh\u01b0 <strong>IEC, MEASNET v\u00e0 ISO<\/strong>, \u0111\u1ea3m b\u1ea3o r\u1eb1ng t\u1ea5t c\u1ea3 k\u1ebft qu\u1ea3 \u0111o \u0111\u1ea1c v\u00e0 ph\u00e2n t\u00edch \u0111\u1ec1u ch\u00ednh x\u00e1c, \u0111\u00e1ng tin c\u1eady<br \/>\n        v\u00e0 \u0111\u01b0\u1ee3c qu\u1ed1c t\u1ebf c\u00f4ng nh\u1eadn.\n    <\/p>\n<hr style=\"margin: 40px 0; border: none; height: 1px; background: #ccc;\">\n<h2 style=\"font-size: 32px; margin-bottom: 20px; text-transform: uppercase; color: #0d6efd; font-weight: 700;\">\n        Th\u1ebf m\u1ea1nh c\u1ee7a ch\u00fang t\u00f4i<br \/>\n    <\/h2>\n<p>\n        V\u1edbi h\u01a1n 10 n\u0103m h\u1ee3p t\u00e1c c\u00f9ng Ammonit, Th\u1ecbnh Phong \u0111\u00e3 kh\u1eb3ng \u0111\u1ecbnh v\u1ecb th\u1ebf ti\u00ean phong t\u1ea1i Vi\u1ec7t Nam trong l\u0129nh v\u1ef1c<br \/>\n        tr\u1ea1m \u0111o gi\u00f3 v\u00e0 \u0111o b\u1ee9c x\u1ea1 m\u1eb7t tr\u1eddi. Nh\u1eefng th\u1ebf m\u1ea1nh n\u1ed5i b\u1eadt c\u1ee7a ch\u00fang t\u00f4i g\u1ed3m:\n    <\/p>\n<p>    <!-- Kinh nghi\u1ec7m d\u1ef1 \u00e1n phong ph\u00fa --><\/p>\n<h3 style=\"font-size: 22px; margin-top: 25px; color: #0d6efd;\">\n        &#x1f539; Kinh nghi\u1ec7m d\u1ef1 \u00e1n phong ph\u00fa<br \/>\n    <\/h3>\n<ul style=\"margin-left: 20px;\">\n<li>H\u00e0ng ch\u1ee5c tr\u1ea1m \u0111o gi\u00f3 \u0111\u01b0\u1ee3c l\u1eafp \u0111\u1eb7t tr\u1ea3i d\u00e0i t\u1eeb B\u1eafc v\u00e0o Nam.<\/li>\n<li>Nhi\u1ec1u lo\u1ea1i d\u1ef1 \u00e1n kh\u00e1c nhau, t\u1eeb kh\u1ea3o s\u00e1t ti\u1ec1n kh\u1ea3 thi \u0111\u1ebfn \u0111\u1ea7u t\u01b0 nh\u00e0 m\u00e1y \u0111i\u1ec7n gi\u00f3 v\u00e0 \u0111i\u1ec7n m\u1eb7t tr\u1eddi quy m\u00f4 l\u1edbn.<\/li>\n<\/ul>\n<p>    <!-- \u0110\u1ed9i ng\u0169 k\u1ef9 thu\u1eadt cao tay ngh\u1ec1 --><\/p>\n<h3 style=\"font-size: 22px; margin-top: 25px; color: #0d6efd;\">\n        &#x1f539; \u0110\u1ed9i ng\u0169 k\u1ef9 thu\u1eadt cao tay ngh\u1ec1<br \/>\n    <\/h3>\n<ul style=\"margin-left: 20px;\">\n<li>Am hi\u1ec3u s\u00e2u v\u1ec1 h\u1ec7 th\u1ed1ng \u0111o gi\u00f3 v\u00e0 \u0111o b\u1ee9c x\u1ea1 m\u1eb7t tr\u1eddi.<\/li>\n<li>Th\u00e0nh th\u1ea1o c\u00e1c quy tr\u00ecnh l\u1eafp \u0111\u1eb7t, v\u1eadn h\u00e0nh, hi\u1ec7u chu\u1ea9n v\u00e0 b\u1ea3o tr\u00ec.<\/li>\n<\/ul>\n<p>    <!-- Tu\u00e2n th\u1ee7 ti\u00eau chu\u1ea9n qu\u1ed1c t\u1ebf --><\/p>\n<h3 style=\"font-size: 22px; margin-top: 25px; color: #0d6efd;\">\n        &#x1f539; Tu\u00e2n th\u1ee7 ti\u00eau chu\u1ea9n qu\u1ed1c t\u1ebf<br \/>\n    <\/h3>\n<ul style=\"margin-left: 20px;\">\n<li>M\u1ecdi d\u1ecbch v\u1ee5 \u0111\u1ec1u tu\u00e2n th\u1ee7 c\u00e1c y\u00eau c\u1ea7u \u0111\u00e1nh gi\u00e1 n\u0103ng l\u01b0\u1ee3ng theo ti\u00eau chu\u1ea9n IEC, MEASNET v\u00e0 ISO.<\/li>\n<li>\u0110\u1ea3m b\u1ea3o d\u1eef li\u1ec7u thu th\u1eadp \u0111\u01b0\u1ee3c c\u00f3 th\u1ec3 s\u1eed d\u1ee5ng cho b\u00e1o c\u00e1o t\u00e0i ch\u00ednh, \u0111\u00e1nh gi\u00e1 \u0111\u1ea7u t\u01b0 v\u00e0 c\u00f4ng b\u1ed1 qu\u1ed1c t\u1ebf.<\/li>\n<\/ul>\n<p>    <!-- D\u1ecbch v\u1ee5 to\u00e0n di\u1ec7n --><\/p>\n<h3 style=\"font-size: 22px; margin-top: 25px; color: #0d6efd;\">\n        &#x1f539; D\u1ecbch v\u1ee5 to\u00e0n di\u1ec7n \u2013 Uy t\u00edn v\u00e0 chuy\u00ean nghi\u1ec7p<br \/>\n    <\/h3>\n<ul style=\"margin-left: 20px;\">\n<li>T\u1eeb t\u01b0 v\u1ea5n, cung c\u1ea5p thi\u1ebft b\u1ecb, thi c\u00f4ng l\u1eafp \u0111\u1eb7t, v\u1eadn h\u00e0nh, b\u1ea3o tr\u00ec \u0111\u1ebfn ph\u00e2n t\u00edch d\u1eef li\u1ec7u.<\/li>\n<li>Cam k\u1ebft mang \u0111\u1ebfn ch\u1ea5t l\u01b0\u1ee3ng t\u1ed1i \u01b0u v\u00e0 s\u1ef1 h\u00e0i l\u00f2ng tuy\u1ec7t \u0111\u1ed1i cho kh\u00e1ch h\u00e0ng.<\/li>\n<\/ul>\n<\/section>\n\n","protected":false},"excerpt":{"rendered":"","protected":false},"author":1,"featured_media":0,"parent":0,"menu_order":0,"comment_status":"closed","ping_status":"closed","template":"page-blank.php","meta":{"footnotes":""},"class_list":["post-218","page","type-page","status-publish","hentry"],"_links":{"self":[{"href":"https:\/\/thinhphongmct.com\/vi\/wp-json\/wp\/v2\/pages\/218","targetHints":{"allow":["GET"]}}],"collection":[{"href":"https:\/\/thinhphongmct.com\/vi\/wp-json\/wp\/v2\/pages"}],"about":[{"href":"https:\/\/thinhphongmct.com\/vi\/wp-json\/wp\/v2\/types\/page"}],"author":[{"embeddable":true,"href":"https:\/\/thinhphongmct.com\/vi\/wp-json\/wp\/v2\/users\/1"}],"replies":[{"embeddable":true,"href":"https:\/\/thinhphongmct.com\/vi\/wp-json\/wp\/v2\/comments?post=218"}],"version-history":[{"count":16,"href":"https:\/\/thinhphongmct.com\/vi\/wp-json\/wp\/v2\/pages\/218\/revisions"}],"predecessor-version":[{"id":5184,"href":"https:\/\/thinhphongmct.com\/vi\/wp-json\/wp\/v2\/pages\/218\/revisions\/5184"}],"wp:attachment":[{"href":"https:\/\/thinhphongmct.com\/vi\/wp-json\/wp\/v2\/media?parent=218"}],"curies":[{"name":"wp","href":"https:\/\/api.w.org\/{rel}","templated":true}]}}